{"id":3173,"date":"2016-07-04T12:20:52","date_gmt":"2016-07-04T10:20:52","guid":{"rendered":"http:\/\/collective.kubistudio.com\/vdemo\/?page_id=3173"},"modified":"2020-12-14T14:50:30","modified_gmt":"2020-12-14T13:50:30","slug":"home-11","status":"publish","type":"page","link":"https:\/\/www.martinprinoth.com\/?page_id=3173","title":{"rendered":"Le creature del Vesuvio"},"content":{"rendered":"\n<div style=\"height:100px\" aria-hidden=\"true\" class=\"wp-block-spacer\"><\/div>\n\n\n\n<p class=\"has-normal-font-size\"><strong>LE CREATURE DEL VESUVIO <\/strong><\/p>\n\n\n\n<p class=\"has-normal-font-size\">short documentary 2013 GER\/ITA <\/p>\n\n\n\n<p class=\"has-normal-font-size\">The Camorra has been dominating the city of Naples for centuries. By now it is part of people\u2019s everyday life and it\u2019s tolerated like an unavoidable and naturally given reality by most part of the population. The film\u2019s essayistic way of storytelling enters the hermetic space and makes the city\u2019s archaic structures of power perceptible. <\/p>\n\n\n\n<p><\/p>\n\n\n\n<p><\/p>\n\n\n\n<p class=\"has-normal-font-size\"><strong>Festivals and Screenings<\/strong> <br>Blickle Kino im 21er Haus des Belvedere Wien 2016 <br>Werkstattkino M\u00fcnchen 2015 <br>Projektraum-Lotte Stuttgart 2014 <br>DOK.forum Filmschulfestival M\u00fcnchen 2014 <br>Traube-Janesc Kultursonntag S\u00fcdtirol 2013 <br>41 Parallelo Screenings New York 2013 <br>Duisburger Filmwoche 2013 <br>Napoli Film Festival 2013 <br>best short documentary Dokumentarfilmwoche Hamburg 2013 <br><\/p>\n\n\n\n<figure class=\"wp-block-gallery aligncenter columns-1 is-cropped wp-block-gallery-1 is-layout-flex wp-block-gallery-is-layout-flex\"><ul class=\"blocks-gallery-grid\"><li class=\"blocks-gallery-item\"><figure><img loading=\"lazy\" decoding=\"async\" width=\"1024\" height=\"575\" src=\"https:\/\/www.martinprinoth.com\/wp-content\/uploads\/2020\/03\/Bildschirmfoto-2020-03-31-um-09.57.11-1024x575.png\" alt=\"\" data-id=\"3946\" data-full-url=\"http:\/\/www.martinprinoth.com\/wp-content\/uploads\/2020\/03\/Bildschirmfoto-2020-03-31-um-09.57.11.png\" data-link=\"http:\/\/www.martinprinoth.com\/?attachment_id=3946\" class=\"wp-image-3946\" srcset=\"https:\/\/www.martinprinoth.com\/wp-content\/uploads\/2020\/03\/Bildschirmfoto-2020-03-31-um-09.57.11-1024x575.png 1024w, https:\/\/www.martinprinoth.com\/wp-content\/uploads\/2020\/03\/Bildschirmfoto-2020-03-31-um-09.57.11-300x168.png 300w, https:\/\/www.martinprinoth.com\/wp-content\/uploads\/2020\/03\/Bildschirmfoto-2020-03-31-um-09.57.11-768x431.png 768w, https:\/\/www.martinprinoth.com\/wp-content\/uploads\/2020\/03\/Bildschirmfoto-2020-03-31-um-09.57.11-730x410.png 730w, https:\/\/www.martinprinoth.com\/wp-content\/uploads\/2020\/03\/Bildschirmfoto-2020-03-31-um-09.57.11.png 1204w\" sizes=\"(max-width: 1024px) 100vw, 1024px\" \/><\/figure><\/li><li class=\"blocks-gallery-item\"><figure><img loading=\"lazy\" decoding=\"async\" width=\"1024\" height=\"584\" src=\"https:\/\/www.martinprinoth.com\/wp-content\/uploads\/2020\/06\/BeforeSomeonesFace_GC-1-1024x584.jpg\" alt=\"\" data-id=\"4155\" data-full-url=\"http:\/\/www.martinprinoth.com\/wp-content\/uploads\/2020\/06\/BeforeSomeonesFace_GC-1-scaled.jpg\" data-link=\"http:\/\/www.martinprinoth.com\/?attachment_id=4155\" class=\"wp-image-4155\" srcset=\"https:\/\/www.martinprinoth.com\/wp-content\/uploads\/2020\/06\/BeforeSomeonesFace_GC-1-1024x584.jpg 1024w, https:\/\/www.martinprinoth.com\/wp-content\/uploads\/2020\/06\/BeforeSomeonesFace_GC-1-300x171.jpg 300w, https:\/\/www.martinprinoth.com\/wp-content\/uploads\/2020\/06\/BeforeSomeonesFace_GC-1-768x438.jpg 768w, https:\/\/www.martinprinoth.com\/wp-content\/uploads\/2020\/06\/BeforeSomeonesFace_GC-1-1536x877.jpg 1536w, https:\/\/www.martinprinoth.com\/wp-content\/uploads\/2020\/06\/BeforeSomeonesFace_GC-1-2048x1169.jpg 2048w, https:\/\/www.martinprinoth.com\/wp-content\/uploads\/2020\/06\/BeforeSomeonesFace_GC-1-730x417.jpg 730w\" sizes=\"(max-width: 1024px) 100vw, 1024px\" \/><\/figure><\/li><\/ul><\/figure>\n\n\n\n<p class=\"has-normal-font-size\"><strong>Director\/DOP\/Editor<\/strong> Martin Prinoth <\/p>\n\n\n\n<p class=\"has-normal-font-size\"><strong>Sound Recording <\/strong>Hanna Lei\u00df Dramaturgy <\/p>\n\n\n\n<p class=\"has-normal-font-size\"><strong>Consultant<\/strong> Martina Mahlknecht, Bernd Schoch <\/p>\n\n\n\n<p class=\"has-normal-font-size\"><strong>Sounddesign<\/strong> Stefano Bernardi <\/p>\n\n\n\n<p class=\"has-normal-font-size\"><strong>Supported by<\/strong> Filmf\u00f6rderung Hamburg Schleswig-Holstein <\/p>\n\n\n\n<p class=\"has-normal-font-size\"><strong>Awards<\/strong> Best Short Documentary at Napoli Film Festival Jury Statment <\/p>\n\n\n\n<p class=\"has-normal-font-size\"><strong>Jury Statement<\/strong> The lyrical story of a city starts a passionate search of the innocence and fragility of the volcanic creatures, which are daily exposed to the fights, rituals and vices of the metropolis. It is a documentary film as intensive as a spiritual, but never excessive. By alternating fragments that are loaned from video art with others from classically observing documentary films a fiction that is truer than true is created. <\/p>\n\n\n\n<p class=\"has-normal-font-size\"><strong>Press Report <\/strong>A paralyzed and statical Naples <br>A lot has been and will still be spoken from and about Naples in documentary works. Martin Prinoth with his film \u201eLe creature del Vesuvio\u201c\u2013 a production of HfbK Hamburg \u2013 takes a very special and vigilant look at the city. The young film maker was born in Bozen and lives in Germany. The documentary film from Prinoth consists of carefully chosen pictures and camera angles. It switches between long scenes, landscape shots and crowds and finally a blue screen scene showing two brothers fishing on ocean cliffs. The narration highlights the mentality of people who are formed by criminality, lack of education and a deep religiousness. In other words an archaic Naples connected with its traditions. The film describes a status of immobility affecting everyday life and thereby allowing the local \u201cmalavita\u201c(criminality) to act undisturbed. The producer forgoes interviews and journalistic argumentation but instead moves with his camera into the city to capture the sometimes empty and at other times populated rooms, quarters, streets and the ocean. By Simone Pinchiorri<\/p>\n","protected":false},"excerpt":{"rendered":"<p>LE CREATURE DEL VESUVIO short documentary 2013 GER\/ITA The Camorra has been dominating the city of Naples for centuries. By now it is part of people\u2019s everyday life and it\u2019s tolerated like an unavoidable and naturally given reality by most part of the population. The film\u2019s essayistic way of storytelling enters the hermetic space and [&hellip;]<\/p>\n","protected":false},"author":1,"featured_media":0,"parent":0,"menu_order":0,"comment_status":"closed","ping_status":"closed","template":"templates\/info-page.php","meta":{"footnotes":""},"class_list":["post-3173","page","type-page","status-publish","hentry"],"_links":{"self":[{"href":"https:\/\/www.martinprinoth.com\/index.php?rest_route=\/wp\/v2\/pages\/3173"}],"collection":[{"href":"https:\/\/www.martinprinoth.com\/index.php?rest_route=\/wp\/v2\/pages"}],"about":[{"href":"https:\/\/www.martinprinoth.com\/index.php?rest_route=\/wp\/v2\/types\/page"}],"author":[{"embeddable":true,"href":"https:\/\/www.martinprinoth.com\/index.php?rest_route=\/wp\/v2\/users\/1"}],"replies":[{"embeddable":true,"href":"https:\/\/www.martinprinoth.com\/index.php?rest_route=%2Fwp%2Fv2%2Fcomments&post=3173"}],"version-history":[{"count":18,"href":"https:\/\/www.martinprinoth.com\/index.php?rest_route=\/wp\/v2\/pages\/3173\/revisions"}],"predecessor-version":[{"id":4413,"href":"https:\/\/www.martinprinoth.com\/index.php?rest_route=\/wp\/v2\/pages\/3173\/revisions\/4413"}],"wp:attachment":[{"href":"https:\/\/www.martinprinoth.com\/index.php?rest_route=%2Fwp%2Fv2%2Fmedia&parent=3173"}],"curies":[{"name":"wp","href":"https:\/\/api.w.org\/{rel}","templated":true}]}}